{"id":306,"date":"2020-04-30T22:10:34","date_gmt":"2020-04-30T20:10:34","guid":{"rendered":"https:\/\/volcop.org\/?page_id=306"},"modified":"2021-02-10T13:51:12","modified_gmt":"2021-02-10T12:51:12","slug":"privacypolicy","status":"publish","type":"page","link":"https:\/\/volcop.org\/en\/privacypolicy\/","title":{"rendered":"LEGAL NOTICE AND PRIVACY POLICY"},"content":{"rendered":"\n<p><strong>INFORMACI\u00d3N DETALLADA SOBRE EL TRATAMIENTO DE SUS DATOS PERSONALES EN CUMPLIENTO DEL REGLAMENTO (UE) 2016\/679 DEL PARLAMENTO EUROPEO Y DEL CONSEJO de 27 de abril de 2016 relativo a la protecci\u00f3n de las personas f\u00edsicas en lo que respecta al tratamiento de datos personales y a la libre circulaci\u00f3n de estos datos (RGPD).<\/strong><\/p>\n\n\n\n<p><strong>RESPONSABLE: \u00bfQui\u00e9n es el responsable del tratamiento de sus datos?<\/strong><\/p>\n\n\n\n<p>Datos de contacto del Responsable<br>Identidad: ASOCIACI\u00d3N VOLUNTARIOS COOPERANTES (En adelante \u201cLa Entidad\u201d)<br>CIF: G66458225<br>Registro Nacional de Asociaciones: 18-0079 y fecha 10 de abril de 2008<br>Dir. postal: C\/ SANT FRANCESC, NUM. 81 08330 PREMIA DE MAR &#8211; BARCELONA<br>Tel\u00e9fono: (+34) 690 799 383<br>Mail:  volcop_@gmail.com<br>Website: <a href=\"https:\/\/volcop.org\/\">https:\/\/volcop.org\/<\/a><\/p>\n\n\n\n<p>La Entidad act\u00faa como responsable del tratamiento de los datos y como proveedor de servicios a los ONGS, usuarios, socios, beneficiarios y visitantes de este website.<\/p>\n\n\n\n<p>Datos de contacto del Delegado de Protecci\u00f3n de Datos<br>NO aplicable. EN cualquier caso, ante cualquier duda puede escribirnos a volcop_@gmail.com<\/p>\n\n\n\n<p><strong>FINALIDAD: \u00bfCon qu\u00e9 finalidad tratamos sus datos personales?<\/strong><\/p>\n\n\n\n<p>Tratamos la informaci\u00f3n que nos facilitan las personas interesadas con el fin de:<\/p>\n\n\n\n<p>1.- Gestionar de los socios de la Asociaci\u00f3n. Por ejemplo: la gesti\u00f3n contable y fiscal y las tareas administrativas derivada de la misma.<\/p>\n\n\n\n<p>2.- Mantenerle informado de los eventos y actividades que se puedan desarrollar. Por ejemplo el Bolet\u00edn electr\u00f3nico.<\/p>\n\n\n\n<p>3.- Gesti\u00f3n de la tienda online.<\/p>\n\n\n\n<p>4.- Tratar im\u00e1genes obtenidas de usted y de los\/las menores a su cargo, en desarrollo de la actividad, para difundirlas en nuestra p\u00e1gina web o web colaboradoras.<\/p>\n\n\n\n<p>5.- Gesti\u00f3n del voluntariado<\/p>\n\n\n\n<p>Decisiones automatizadas, perfiles y l\u00f3gica aplicada<\/p>\n\n\n\n<p>El interesado tendr\u00e1 derecho a no ser objeto de una decisi\u00f3n basada \u00fanicamente en el tratamiento automatizado, incluida la elaboraci\u00f3n de perfiles, que produzca efectos jur\u00eddicos en \u00e9l o le afecte significativamente de modo similar. La Entidad podr\u00e1 apoyarse en su toma de decisiones previas sobre la idoneidad de los diferentes perfiles pero nunca ser\u00e1n la clave en la toma de decisi\u00f3n. No se realizan perfiles, solamente se recaba informaci\u00f3n en cumplimiento de la normativa vigente. En ning\u00fan caso, no se tomar\u00e1n decisiones automatizadas en base a dicho perfil.<\/p>\n\n\n\n<p><strong>LEGITIMACI\u00d3N y BASE JUR\u00cdDICA: \u00bfCu\u00e1l es la legitimaci\u00f3n para el tratamiento de sus datos?<\/strong><\/p>\n\n\n\n<p>Detalle de la base jur\u00eddica del tratamiento, en los casos de obligaci\u00f3n legal, inter\u00e9s p\u00fablico o inter\u00e9s leg\u00edtimo.\u2028Antes las tres finalidades principales arriba descritas pasamos a describir la legitimaci\u00f3n del uso del tratamiento.<\/p>\n\n\n\n<p>Finalidad y legitimaci\u00f3n:<\/p>\n\n\n\n<p>1.- Gestionar las solicitudes y ayudas a las Asociaciones beneficiarias.<br>1.- Consentimiento del interesado: RGPD: 6.1. a) El interesado dio su consentimiento para el tratamiento de sus datos personales para uno o varios fines espec\u00edficos;<br>2.- Ejecuci\u00f3n de un contrato: RGPD: 6.1.b) Tratamiento necesario para la ejecuci\u00f3n de un contrato en el que el interesado es parte o para la aplicaci\u00f3n a petici\u00f3n de \u00e9ste de medidas precontractuales.<br>3.- Cumplimiento de una obligaci\u00f3n legal: RGPD: 6.1.c) El tratamiento es necesario para el cumplimiento de una obligaci\u00f3n legal aplicable al responsable del tratamiento.<br>2.- Mantenerle informado de nuestras actividades que se puedan desarrollar y tratar im\u00e1genes obtenidas<br>1.- Consentimiento del interesado: RGPD: 6.1. a) El interesado dio su consentimiento para el tratamiento de sus datos personales para uno o varios fines espec\u00edficos;<br>4.- Inter\u00e9s leg\u00edtimo. RGPD: 6.1. f)<br>2.- Gesti\u00f3n de la tienda online<br>3.- Ejecuci\u00f3n de un contrato: RGPD: 6.1.b) Tratamiento necesario para la ejecuci\u00f3n de un contrato en el que el interesado es parte o para la aplicaci\u00f3n a petici\u00f3n de \u00e9ste de medidas precontractuales.<br>5.- Gesti\u00f3n del voluntariado<br>1.- Consentimiento del interesado: RGPD: 6.1. a) El interesado dio su consentimiento para el tratamiento de sus datos personales para uno o varios fines espec\u00edficos;<br>2.- Ejecuci\u00f3n de un contrato: RGPD: 6.1.b) Tratamiento necesario para la ejecuci\u00f3n de un contrato en el que el interesado es parte o para la aplicaci\u00f3n a petici\u00f3n de \u00e9ste de medidas precontractuales.<\/p>\n\n\n\n<p>El usuario garantiza que los datos personales facilitados a la Entidad son veraces y se hace responsable de comunicar cualquier modificaci\u00f3n en los mismos, para poder seguir ofreci\u00e9ndoles nuestro mejor servicio. La informaci\u00f3n remitida a a la Entidad, por cualquiera de sus canales, deber\u00e1 ser veraz y no vulnerar\u00e1 el derecho a terceros ni la legalidad vigente.<\/p>\n\n\n\n<p>Obligaci\u00f3n o no de facilitar datos y consecuencias de no hacerlo<br>Los datos solicitados son necesarios para poder tener contratar con la Entidad. En el caso de que no se pueda obtener toda la informaci\u00f3n requerida no se podr\u00e1 establecer la relaci\u00f3n contractual con la Entidad.<\/p>\n\n\n\n<p><strong>CONSERVACI\u00d3N: \u00bfPor cu\u00e1nto tiempo conservaremos sus datos?<\/strong><\/p>\n\n\n\n<p>Plazos o criterios de conservaci\u00f3n de los datos<\/p>\n\n\n\n<p>Los datos ser\u00e1n conservados hasta que la finalidad, que ha originado el tratamiento de su informaci\u00f3n, se termine. Una vez suceda este hecho, los datos ser\u00e1n conservados de forma bloqueada a la atenci\u00f3n de posibles requerimientos legales o administrativos hasta la prescripci\u00f3n de los mismos.<\/p>\n\n\n\n<p><strong>DESTINATARIOS: \u00bfA qu\u00e9 destinatarios se comunican sus datos?<\/strong><\/p>\n\n\n\n<p>Destinatarios o categor\u00edas de destinatarios<\/p>\n\n\n\n<p>1.- Gestores de proyectos.<br>2.- Administraciones p\u00fablicas\/gubernamentales, tribunales, autoridades competentes.<\/p>\n\n\n\n<p>Adem\u00e1s, le informamos que la cumplimentaci\u00f3n y el env\u00edo del formulario de participaci\u00f3n como socio, el formulario de donaci\u00f3n particular o de donaci\u00f3n online o el formulario de solicitud de financiaci\u00f3n o cualquier otro formulario o correo electr\u00f3nico que nos env\u00ede con sus datos personales, implica el consentimiento expreso del usuario para el tratamiento de sus datos de car\u00e1cter personal y el consentimiento para recibir las comunicaciones e informaci\u00f3n que la Entidad considere interesante, siempre con la finalidad y los objetivos que persigue la Fundaci\u00f3n, salvo que el interesado manifieste lo contrario. Esta informaci\u00f3n ser\u00e1 utilizada \u00fanicamente para las relaciones entre la Entidad y los socios, colaboradores, donantes o suscriptores. En cualquier caso podr\u00e1 darse de baja en cada comunicaci\u00f3n que le enviemos pudiendo desuscribirse del servicio comunicaciones.<\/p>\n\n\n\n<p>Nos comprometemos a no transferir datos personales a terceros distintos de los arriba mencionados, salvo cuando se informe de ello a los Interesados o si lo exigen las leyes y la regulaci\u00f3n aplicables a ellos o por orden de un tribunal, organismo gubernamental, supervisor o regulador, incluyendo las autoridades tributarias.<\/p>\n\n\n\n<p>Decisiones de adecuaci\u00f3n, garant\u00edas, normas corporativas vinculantes o situaciones espec\u00edficas aplicables<br>No se realizan comunicaciones fuera del espacio europeo.<\/p>\n\n\n\n<p><strong>DERECHOS: \u00bfCu\u00e1les son sus derechos cuando nos facilita sus datos?&gt;<\/strong><\/p>\n\n\n\n<p>C\u00f3mo ejercer los derechos de acceso, rectificaci\u00f3n, supresi\u00f3n y portabilidad de sus datos, y la limitaci\u00f3n u oposici\u00f3n a su tratamiento<\/p>\n\n\n\n<p>Los derechos reconocidos por el RGPD son:<\/p>\n\n\n\n<p>\u2013 Derecho a solicitar el acceso a los datos personales relativos al interesado,<\/p>\n\n\n\n<p>\u2013 Derecho a solicitar su rectificaci\u00f3n o supresi\u00f3n,<\/p>\n\n\n\n<p>\u2013 Derecho a solicitar la limitaci\u00f3n de su tratamiento, y a<\/p>\n\n\n\n<p>\u2013 Derecho a oponerse al tratamiento,<\/p>\n\n\n\n<p>\u2013 Derecho a la portabilidad de los datos;<\/p>\n\n\n\n<p>Para ejercer sus derechos tan solo tendr\u00e1 que escribir un mail a la direcci\u00f3n arriba indicada, solicitando su derecho y adjunto al correo su DNI, para identificarse.<\/p>\n\n\n\n<p>Opcionalmente, puede redirigir al interesado a la Autoridad de Control competente para obtener informaci\u00f3n adicional acerca de sus derechos.<\/p>\n\n\n\n<p><a href=\"https:\/\/www.aepd.es\/reglamento\/derechos\/index.html\">https:\/\/www.aepd.es\/reglamento\/derechos\/index.html<\/a><\/p>\n\n\n\n<p>\u00bfCu\u00e1les son sus derechos cuando nos facilita sus datos?<\/p>\n\n\n\n<p>Cualquier persona tiene derecho a obtener confirmaci\u00f3n sobre si en La Entidad estamos tratando datos personales que les conciernan, o no.\u2028Las personas interesadas tienen derecho a si acceder a sus datos personales, as\u00ed como a solicitar la rectificaci\u00f3n de los datos inexactos o, en su caso, solicitar su supresi\u00f3n cuando, entre otros motivos, los datos ya no sean necesarios para los fines que fueron recogidos.\u2028En determinadas circunstancias, los interesados podr\u00e1n solicitar la limitaci\u00f3n del tratamiento de sus datos, en cuyo caso \u00fanicamente los conservaremos para el ejercicio o la defensa de reclamaciones. En determinadas circunstancias y por motivos relacionados con su situaci\u00f3n particular, los interesados podr\u00e1n oponerse al tratamiento de sus datos. La Entidad dejar\u00e1 de tratar los datos, salvo por motivos leg\u00edtimos imperiosos, o el ejercicio o la defensa de posibles reclamaciones.<\/p>\n\n\n\n<p>La pol\u00edtica de privacidad de la Entidad asegura, en todo caso, que el Titular pueda ejercitar sus derechos de acceso, rectificaci\u00f3n, cancelaci\u00f3n y oposici\u00f3n dirigi\u00e9ndose por escrito a la Entidad, en la direcci\u00f3n anteriormente indicada y en la forma legalmente prevista.<\/p>\n\n\n\n<p><strong>DERECHOS DEL RGPD: \u00bfEN QU\u00c9 CONSISTEN TUS DERECHOS?<\/strong><\/p>\n\n\n\n<p><strong>1) ACCESO<\/strong><\/p>\n\n\n\n<p>Tienes derecho a que te informen de lo siguiente:<\/p>\n\n\n\n<p>Los fines del tratamiento, categor\u00edas de datos personales que se traten y de las posibles comunicaciones de datos y sus destinatarios. De ser posible, el plazo de conservaci\u00f3n de tus datos. De no serlo, los criterios para determinar este plazo.\u2028Del derecho a solicitar la rectificaci\u00f3n o supresi\u00f3n de los datos, la limitaci\u00f3n al tratamiento, u oponerse al mismo. Del derecho a presentar una reclamaci\u00f3n ante la Autoridad de Control. Si se produce una transferencia internacional de datos, recibir informaci\u00f3n de las garant\u00edas adecuadas. De la existencia de decisiones automatizadas (incluyendo perfiles), la l\u00f3gica aplicada y consecuencias de este tratamiento<\/p>\n\n\n\n<p><strong>2) RECTIFICACI\u00d3N<\/strong><\/p>\n\n\n\n<p>Tienes derecho, adem\u00e1s de rectificar los datos inexactos, a que se completen los datos personales incompletos, inclusive mediante una declaraci\u00f3n adicional<\/p>\n\n\n\n<p><strong>3) SUPRESI\u00d3N (EL \u201cDERECHO AL OLVIDO\u201d)<\/strong><\/p>\n\n\n\n<p>Con este derecho podr\u00e1s solicitar:<\/p>\n\n\n\n<p>La supresi\u00f3n de los datos personales sin dilaci\u00f3n debida cuando concurra alguno de los supuestos contemplados. Por ejemplo, tratamiento il\u00edcito de datos, o cuando haya desaparecido la finalidad que motiv\u00f3 el tratamiento o recogida.\u2028No obstante, se regulan una serie de excepciones en las que no proceder\u00e1 este derecho. Por ejemplo, cuando deba prevalecer el derecho a la libertad de expresi\u00f3n e informaci\u00f3n<\/p>\n\n\n\n<p><strong>4) LIMITACI\u00d3N DEL TRATAMIENTO<\/strong><\/p>\n\n\n\n<p>Este derecho te permite:<\/p>\n\n\n\n<p>Solicitar al responsable que suspenda el tratamiento de datos cuando: Se impugne la exactitud de los datos, mientras se verifica dicha exactitud por el responsable. El interesado ha ejercitado su derecho de oposici\u00f3n al tratamiento de datos, mientras se verifica si los motivos leg\u00edtimos del responsable prevalecen sobre el interesado.\u2028Solicitar al responsable que conserve tus datos personales cuando: El tratamiento de datos sea il\u00edcito y el interesado se oponga a la supresi\u00f3n de sus datos y solicite en su lugar la limitaci\u00f3n de su uso El responsable ya no necesita los datos para los fines del tratamiento pero el interesado si los necesite para la formulaci\u00f3n, ejercicio o defensa de reclamaciones.<\/p>\n\n\n\n<p><strong>5) PORTABILIDAD DE LOS DATOS<\/strong><\/p>\n\n\n\n<p>Podr\u00e1s recibir tus datos personales facilitados en un formato estructurado, de uso com\u00fan y lectura mec\u00e1nica, y poder transmitirlos a otro responsable, siempre que sea t\u00e9cnicamente posible. Por otra parte, el Titular autoriza expresamente que, en caso de solicitud de portabilidad, se cedan sus datos personales para la comunicaci\u00f3n de datos, con la finalidad de poder llevar a cabo tales operaciones.<\/p>\n\n\n\n<p><strong>6) OPOSICI\u00d3N<\/strong><\/p>\n\n\n\n<p>Mediante el derecho de oposici\u00f3n podr\u00e1s oponerte al tratamiento de tus datos personales: Cuando por motivos relacionados con tu situaci\u00f3n personal, debe cesar el tratamiento de tus datos salvo que se acredite un inter\u00e9s leg\u00edtimo, o sea necesario para el ejercicio o defensa de reclamaciones. Cuando el tratamiento tenga por objeto la mercadotecnia directa.<\/p>\n\n\n\n<p><strong>7) O A NO SER OBJETO DE DECISIONES INDIVIDUALIZADAS<\/strong><\/p>\n\n\n\n<p>Tienes derecho a no ser objeto de una decisi\u00f3n basada \u00fanicamente en el tratamiento automatizado, incluida la elaboraci\u00f3n de perfiles, que produzca efectos jur\u00eddicos o te afecte. Se except\u00faa lo anterior cuando: Sea necesario para la celebraci\u00f3n o ejecuci\u00f3n de un contrato. Est\u00e9 permitido por el Derecho de la UE o de los Estados miembros, con medidas adecuadas para salvaguardar los derechos y libertades del titular de los datos. Exista consentimiento expl\u00edcito del titular de los datos.<\/p>\n\n\n\n<p>Derecho a retirar el consentimiento prestado<\/p>\n\n\n\n<p>Siempre podr\u00e1 desestimar que se le env\u00ede informaci\u00f3n por mail. En caso de no dar consentimiento al tratamiento principal no podr\u00e1 ser llevada a cabo la relaci\u00f3n con usted.<\/p>\n\n\n\n<p>Derecho a reclamar ante la Autoridad de Control<\/p>\n\n\n\n<p>Solicitud de presentaci\u00f3n de una reclamaci\u00f3n de tutela de derechos ante Autoridad de Control.<\/p>\n\n\n\n<p><a href=\"https:\/\/www.aepd.es\/reglamento\/derechos\/index.html\">https:\/\/www.aepd.es\/reglamento\/derechos\/index.html<\/a><\/p>\n\n\n\n<p><strong>FUENTES. PROCEDENCIA: \u00bfC\u00f3mo hemos obtenido sus datos? Y \u00bfC\u00f3mo utilizamos tus datos?<\/strong><\/p>\n\n\n\n<p>Informaci\u00f3n detallada del origen de los datos, incluso si proceden de fuentes de acceso p\u00fablico<\/p>\n\n\n\n<p>Para lograr los Fines, arriba descritos, recogemos o recibimos datos personales:<\/p>\n\n\n\n<p>\u2013 Directamente de los Interesados. Por ej: En el alta de la web. O por la utilizaci\u00f3n de los distintos formularios dentro de la aplicaci\u00f3n que nos suministran informaci\u00f3n.<br>Indicarte a su vez, que no est\u00e1s obligado a proporcionarnos datos personales que no necesitemos para registrar tu cuenta.<\/p>\n\n\n\n<p><strong>C\u00f3mo utilizamos tus datos.<\/strong><\/p>\n\n\n\n<p><strong>Mantente informado<\/strong><\/p>\n\n\n\n<p>Aclaramos que usamos tus datos de contacto por email para ofrecerte sugerencias de contenido y experiencias m\u00e1s relevantes entorno a nuestros servicios, por ejemplo: newsletter sobre nuestras actividades.<\/p>\n\n\n\n<p><strong>Comunicaciones<\/strong><\/p>\n\n\n\n<p>En el caso de que los usuarios de este producto digital debieran facilitar su direcci\u00f3n de correo electr\u00f3nico para acceder a algunos de los servicios ofertados, podr\u00e1n manifestar que no desean recibir ning\u00fan tipo de comunicaci\u00f3n que la Entidad pudiese enviar, siempre que no est\u00e9 ligada estrictamente a la finalidad para la que se solicit\u00f3 el servicio, como por ejemplo, emails de confirmaci\u00f3n, informaci\u00f3n sobre las transacciones realizadas o notificaciones de confirmaci\u00f3n de baja o alta de servicios. Asimismo, a\u00f1adimos que podremos ponernos en contacto contigo por tel\u00e9fono, adem\u00e1s de por correo electr\u00f3nico.<\/p>\n\n\n\n<p><strong>Publicidad<\/strong><\/p>\n\n\n\n<p>Cuando realizas una visita o acci\u00f3n sobre alguno de nuestros productos, te asociaremos con el contenido visualizado o compartido por medio de las cookies de tu navegador, las cuales puedes desactivar o borrar cuando decidas.<\/p>\n\n\n\n<p><strong>Categor\u00edas de datos que se traten<\/strong><\/p>\n\n\n\n<p>Los \u201cdatos personales\u201d incluyen cualquier informaci\u00f3n que permita identificar directamente (por ej., nombre, apellidos) o indirectamente (por ej., DNI) a una persona f\u00edsica.<\/p>\n\n\n\n<p>Las categor\u00edas de datos que se tratan son:<\/p>\n\n\n\n<p>\u2013 Datos de identificaci\u00f3n: nombres, direcciones, n\u00fameros de tel\u00e9fono,<\/p>\n\n\n\n<p>\u2013 C\u00f3digos o claves de identificaci\u00f3n emitidos por organismos p\u00fablicos, por ej., pasaporte, DNI.<\/p>\n\n\n\n<p>\u2013 Datos econ\u00f3micos.<\/p>\n\n\n\n<p>\u2013 Datos sobre los proyectos.<\/p>\n\n\n\n<p>\u2013 Informaci\u00f3n sobre cookies, por ej., cookies y tecnolog\u00edas similares en sitios web (v\u00e9ase tambi\u00e9n nuestra Pol\u00edtica sobre Cookies)<\/p>\n\n\n\n<p>No se tratan datos especialmente protegidos<\/p>\n\n\n\n<p><strong>MEDIDAS DE SEGURIDAD: \u00bfC\u00f3mo protegemos los datos?<\/strong><\/p>\n\n\n\n<p>La Entidad ha adoptado las medidas t\u00e9cnicas y organizativas necesarias para garantizar la seguridad e integridad de los datos, as\u00ed como para evitar su alteraci\u00f3n, p\u00e9rdida, tratamiento o acceso no autorizado.<\/p>\n\n\n\n<p><strong>PROPIEDAD INTELECTUAL<\/strong><\/p>\n\n\n\n<p>Todos los contenidos accesibles en la p\u00e1gina web de la Entidad est\u00e1n sujetos a derechos de propiedad intelectual.<\/p>\n","protected":false},"excerpt":{"rendered":"<p>INFORMACI\u00d3N DETALLADA SOBRE EL TRATAMIENTO DE SUS DATOS PERSONALES EN CUMPLIENTO DEL REGLAMENTO (UE) 2016\/679 DEL PARLAMENTO EUROPEO Y DEL CONSEJO de 27 de abril de 2016 relativo a la protecci\u00f3n de las personas f\u00edsicas en lo que respecta al tratamiento de datos personales y a la libre circulaci\u00f3n de estos datos (RGPD). RESPONSABLE: \u00bfQui\u00e9n &hellip;<\/p>\n<p class=\"read-more\"> <a class=\"\" href=\"https:\/\/volcop.org\/en\/privacypolicy\/\"> <span class=\"screen-reader-text\">LEGAL NOTICE AND PRIVACY POLICY<\/span> Read More \u00bb<\/a><\/p>\n","protected":false},"author":2,"featured_media":0,"parent":0,"menu_order":0,"comment_status":"closed","ping_status":"closed","template":"","meta":{"site-sidebar-layout":"default","site-content-layout":"default","ast-global-header-display":"","ast-main-header-display":"","ast-hfb-above-header-display":"","ast-hfb-below-header-display":"","ast-hfb-mobile-header-display":"","site-post-title":"","ast-breadcrumbs-content":"","ast-featured-img":"","footer-sml-layout":"","theme-transparent-header-meta":"default","adv-header-id-meta":"","stick-header-meta":"default","header-above-stick-meta":"","header-main-stick-meta":"","header-below-stick-meta":"","footnotes":""},"_links":{"self":[{"href":"https:\/\/volcop.org\/en\/wp-json\/wp\/v2\/pages\/306"}],"collection":[{"href":"https:\/\/volcop.org\/en\/wp-json\/wp\/v2\/pages"}],"about":[{"href":"https:\/\/volcop.org\/en\/wp-json\/wp\/v2\/types\/page"}],"author":[{"embeddable":true,"href":"https:\/\/volcop.org\/en\/wp-json\/wp\/v2\/users\/2"}],"replies":[{"embeddable":true,"href":"https:\/\/volcop.org\/en\/wp-json\/wp\/v2\/comments?post=306"}],"version-history":[{"count":4,"href":"https:\/\/volcop.org\/en\/wp-json\/wp\/v2\/pages\/306\/revisions"}],"predecessor-version":[{"id":452,"href":"https:\/\/volcop.org\/en\/wp-json\/wp\/v2\/pages\/306\/revisions\/452"}],"wp:attachment":[{"href":"https:\/\/volcop.org\/en\/wp-json\/wp\/v2\/media?parent=306"}],"curies":[{"name":"wp","href":"https:\/\/api.w.org\/{rel}","templated":true}]}}